{"id":1086,"date":"2015-11-13T20:35:06","date_gmt":"2015-11-13T20:35:06","guid":{"rendered":"https:\/\/reymondmeyer.ch\/homepage-portfolio\/"},"modified":"2021-04-20T15:03:10","modified_gmt":"2021-04-20T13:03:10","slug":"homepage-portfolio","status":"publish","type":"page","link":"https:\/\/reymondmeyer.ch\/en\/","title":{"rendered":"Homepage"},"content":{"rendered":"<p>[vc_row full_width=&#8221;stretch_row_content_no_spaces&#8221; disable_element=&#8221;yes&#8221;][vc_column][vc_column_text]<img loading=\"lazy\" class=\"alignnone size-full wp-image-1090\" style=\"width: 100%;\" src=\"https:\/\/reymondmeyer.ch\/wp-content\/uploads\/2021\/02\/tornade-home.jpg\" alt=\"\" width=\"2200\" height=\"769\" srcset=\"https:\/\/reymondmeyer.ch\/wp-content\/uploads\/2021\/02\/tornade-home.jpg 2200w, https:\/\/reymondmeyer.ch\/wp-content\/uploads\/2021\/02\/tornade-home-300x105.jpg 300w, https:\/\/reymondmeyer.ch\/wp-content\/uploads\/2021\/02\/tornade-home-1024x358.jpg 1024w, https:\/\/reymondmeyer.ch\/wp-content\/uploads\/2021\/02\/tornade-home-768x268.jpg 768w, https:\/\/reymondmeyer.ch\/wp-content\/uploads\/2021\/02\/tornade-home-1536x537.jpg 1536w, https:\/\/reymondmeyer.ch\/wp-content\/uploads\/2021\/02\/tornade-home-2048x716.jpg 2048w, https:\/\/reymondmeyer.ch\/wp-content\/uploads\/2021\/02\/tornade-home-1120x391.jpg 1120w, https:\/\/reymondmeyer.ch\/wp-content\/uploads\/2021\/02\/tornade-home-640x224.jpg 640w\" sizes=\"(max-width: 2200px) 100vw, 2200px\" \/>[\/vc_column_text][\/vc_column][\/vc_row][vc_row full_width=&#8221;stretch_row_content_no_spaces&#8221;][vc_column]<div class=\"portfolio-slider-wrapper\"><div class=\"image-caption\"><\/div><div id=\"owl-slider-eeb\" class=\"owl-carousel portfolio-slider mfp-gallery\" data-token=\"X3tVt\"><div class=\"slider-item\"><a title=\"\" href=\"https:\/\/reymondmeyer.ch\/wp-content\/uploads\/2020\/05\/tornade1-1024x683.jpg\" class=\"not-link dt-lightbox-gallery\"><img class=\"\" src=\"https:\/\/reymondmeyer.ch\/wp-content\/uploads\/2020\/05\/tornade1-scaled-800x800.jpg\" width=\"800\" height=\"800\" alt=\"tornade1\" title=\"tornade1\" \/><\/a><\/div><div class=\"slider-item\"><a title=\"\" href=\"https:\/\/reymondmeyer.ch\/wp-content\/uploads\/2020\/05\/officiel_int_1-1024x683.jpg\" class=\"not-link dt-lightbox-gallery\"><img class=\"\" src=\"https:\/\/reymondmeyer.ch\/wp-content\/uploads\/2020\/05\/officiel_int_1-scaled-800x800.jpg\" width=\"800\" height=\"800\" alt=\"oeuvre d&#039;art pour le jardin botanique de Meyrin - int\u00e9rieur de beaut\u00e9 ext\u00e9rieure\" title=\"officiel_int_1\" \/><\/a><\/div><div class=\"slider-item\"><a title=\"\" href=\"https:\/\/reymondmeyer.ch\/wp-content\/uploads\/2020\/05\/DSC_6402-r-1024x683.jpg\" class=\"not-link dt-lightbox-gallery\"><img class=\"\" src=\"https:\/\/reymondmeyer.ch\/wp-content\/uploads\/2020\/05\/DSC_6402-r-scaled-800x800.jpg\" width=\"800\" height=\"800\" alt=\"oeuvre d&#039;art et boule sph\u00e9rique en bois se trouvant dans le jardin botanique de Meyrin\" title=\"DSC_6402-r\" \/><\/a><\/div><div class=\"slider-item\"><a title=\"\" href=\"https:\/\/reymondmeyer.ch\/wp-content\/uploads\/2020\/05\/infini-sapins1-1024x683.jpg\" class=\"not-link dt-lightbox-gallery\"><img class=\"\" src=\"https:\/\/reymondmeyer.ch\/wp-content\/uploads\/2020\/05\/infini-sapins1-scaled-800x800.jpg\" width=\"800\" height=\"800\" alt=\"infini-sapins1\" title=\"infini-sapins1\" \/><\/a><\/div><div class=\"slider-item\"><a title=\"\" href=\"https:\/\/reymondmeyer.ch\/wp-content\/uploads\/2016\/11\/fleur-av-promontoir-686x1024.jpg\" class=\"not-link dt-lightbox-gallery\"><img class=\"\" src=\"https:\/\/reymondmeyer.ch\/wp-content\/uploads\/2016\/11\/fleur-av-promontoir-800x800.jpg\" width=\"800\" height=\"800\" alt=\"demi-fleure en argile vue du ciel et de jour\" title=\"fleur av promontoir\" \/><\/a><\/div><div class=\"slider-item\"><a title=\"cr\u00e9ation de 10&#039;000 t\u00e9l\u00e9phones portables pour Swisscom\" href=\"https:\/\/reymondmeyer.ch\/wp-content\/uploads\/2020\/05\/DSC_8549-683x1024.jpg\" class=\"not-link dt-lightbox-gallery\"><img class=\"\" src=\"https:\/\/reymondmeyer.ch\/wp-content\/uploads\/2020\/05\/DSC_8549-800x800.jpg\" width=\"800\" height=\"800\" alt=\"cr\u00e9ation de 10&#039;000 t\u00e9l\u00e9phones portables pour Swisscom\" title=\"DSC_8549\" \/><\/a><\/div><\/div><\/div>[\/vc_column][\/vc_row][vc_row css=&#8221;.vc_custom_1589294539860{padding-top: 3em !important;padding-bottom: 1em !important;}&#8221; el_id=&#8221;oeuvres&#8221;][vc_column][vc_column_text]<\/p>\n<h1 style=\"text-align: center;\">When love of nature and ancestral skills meet fantasy\u00a0!<\/h1>\n<p>[\/vc_column_text][vc_separator el_width=&#8221;10&#8243;][vc_column_text]The watchword is \u00abBe daring!\u00bb. Each challenge has its own solution. The pair always offer an original, fun creation which the public can identify and interact with and learn to understand. Organic materials are used as often as possible.<\/p>\n<p>Jan thinks \u00ab\u00a0big\u00a0\u00bb and is never afraid to put together enormous objects. You\u2019d think his usual measurement is by the tonne\u00a0! Sylvain thinks \u00ab\u00a0small\u00a0\u00bb, and never tires of repeating the same movement thousands of times to create something gigantic, which becomes rather hypnotic, out of something tiny. Working together, the synergy of their individual skills and knowledge transcends each part of their work and brings unique and surprising creations to life. You can discover these below\u2026<\/p>\n<p>[\/vc_column_text][\/vc_column][\/vc_row][vc_row full_width=&#8221;stretch_row_content&#8221; el_id=&#8221;oeuvres&#8221;][vc_column]<section class=\"delicious-grid  trigger-\" id=\"gridwrapper_dbc\" data-token=\"w4DkF\"><div class=\"grid-meta align-center\"><section id=\"filter_options\" class=\"centered-wrapper dt-hide-filters\"><ul id=\"filters\" class=\"option-set clearfix\" data-option-key=\"filter\"><li class=\"all-projects\"><a data-filter=\"*\" class=\"selected\">All<\/a><\/li><\/ul><\/section><\/div><div class=\"half-space\"><\/div><section id=\"portfolio-wrapper\"><ul class=\"portfolio dt-gap-15 isotope text-on-thumbnail style-load-more-btn mfp-gallery grid_dbc\"><li class=\" grid-item dt-project-1148  item-wide is-masonry\"><a class=\"img-anchor\" href=\"https:\/\/reymondmeyer.ch\/en\/portfolio\/beaute-exterieure\/\"><img src=\"https:\/\/reymondmeyer.ch\/wp-content\/uploads\/2020\/05\/DSC_6402-r-scaled-640x480.jpg\" alt=\"oeuvre d&#039;art et boule sph\u00e9rique en bois se trouvant dans le jardin botanique de Meyrin\" \/><div class=\"grid-item-on-hover\"><div class=\"grid-text\"><h3>Beaut\u00e9 ext\u00e9rieure<\/h3><div class=\"grid-item-cat\"><\/div><\/div><\/div><\/a><\/li><li class=\" grid-item dt-project-1158  item-wide is-masonry\"><a class=\"img-anchor\" href=\"https:\/\/reymondmeyer.ch\/en\/portfolio\/infini\/\"><img src=\"https:\/\/reymondmeyer.ch\/wp-content\/uploads\/2020\/05\/infini-sapins1-1-scaled-640x480.jpg\" alt=\"Oeuvre d&#039;art du symbole de l&#039;infini avec arbres pour le Swiss Tech Convention Center et l&#039;EPFL\" \/><div class=\"grid-item-on-hover\"><div class=\"grid-text\"><h3>EPFL<\/h3><div class=\"grid-item-cat\"><\/div><\/div><\/div><\/a><\/li><li class=\" grid-item dt-project-1168  item-wide is-masonry\"><a class=\"img-anchor\" href=\"https:\/\/reymondmeyer.ch\/en\/portfolio\/tornado-yverdon\/\"><img src=\"https:\/\/reymondmeyer.ch\/wp-content\/uploads\/2020\/05\/tornade2-scaled-640x480.jpg\" alt=\"\" \/><div class=\"grid-item-on-hover\"><div class=\"grid-text\"><h3>Tornade<\/h3><div class=\"grid-item-cat\"><\/div><\/div><\/div><\/a><\/li><li class=\" grid-item dt-project-1178  item-wide is-masonry\"><a class=\"img-anchor\" href=\"https:\/\/reymondmeyer.ch\/en\/portfolio\/telephones-portables-swisscom\/\"><img src=\"https:\/\/reymondmeyer.ch\/wp-content\/uploads\/2020\/05\/DSC_8604-640x480.jpg\" alt=\"cr\u00e9ation de portrait g\u00e9ant de jeune fille avec 10&#039;000 t\u00e9l\u00e9phones portables recycl\u00e9s\" \/><div class=\"grid-item-on-hover\"><div class=\"grid-text\"><h3>T\u00e9l\u00e9phones portables<\/h3><div class=\"grid-item-cat\"><\/div><\/div><\/div><\/a><\/li><li class=\" grid-item dt-project-1208  item-wide is-masonry\"><a class=\"img-anchor\" href=\"https:\/\/reymondmeyer.ch\/en\/portfolio\/demie-fleur\/\"><img src=\"https:\/\/reymondmeyer.ch\/wp-content\/uploads\/2016\/11\/promontoir-640x480.jpg\" alt=\"demie-fleur en argile cr\u00e9\u00e9 par les artistes ReymondMeyer pour l&#039;association Champ Libre et les Sc\u00e8nes du Chapiteau\" \/><div class=\"grid-item-on-hover\"><div class=\"grid-text\"><h3>Demie-fleur<\/h3><div class=\"grid-item-cat\"><\/div><\/div><\/div><\/a><\/li><\/ul><\/section><\/section>[vc_empty_space height=&#8221;120&#8243;][\/vc_column][\/vc_row][vc_row full_width=&#8221;stretch_row_content&#8221; css=&#8221;.vc_custom_1589301247449{padding-bottom: 4em !important;}&#8221;][vc_column]<div class=\"clients-carousel\"><div id=\"owl-clients-fda\" class=\"owl-carousel carousel-clients\" data-token=\"x0BT4\"><div class=\"clients-bulk\"><div class=\"client-item\"><a target=\"_blank\"  href=\"#\"><img width=\"496\" height=\"308\" src=\"https:\/\/reymondmeyer.ch\/wp-content\/uploads\/2021\/02\/meyrin.png\" class=\"attachment-full\" alt=\"logo de la commune de Meyrin\" loading=\"lazy\" srcset=\"https:\/\/reymondmeyer.ch\/wp-content\/uploads\/2021\/02\/meyrin.png 496w, https:\/\/reymondmeyer.ch\/wp-content\/uploads\/2021\/02\/meyrin-300x186.png 300w\" sizes=\"(max-width: 496px) 100vw, 496px\" \/><\/a><\/div><\/div><div class=\"clients-bulk\"><div class=\"client-item\"><a target=\"_blank\"  href=\"#\"><img width=\"364\" height=\"138\" src=\"https:\/\/reymondmeyer.ch\/wp-content\/uploads\/2021\/02\/hug.png\" class=\"attachment-full\" alt=\"logo des HUG\" loading=\"lazy\" srcset=\"https:\/\/reymondmeyer.ch\/wp-content\/uploads\/2021\/02\/hug.png 364w, https:\/\/reymondmeyer.ch\/wp-content\/uploads\/2021\/02\/hug-300x114.png 300w\" sizes=\"(max-width: 364px) 100vw, 364px\" \/><\/a><\/div><\/div><div class=\"clients-bulk\"><div class=\"client-item\"><a target=\"_blank\"  href=\"#\"><img width=\"562\" height=\"254\" src=\"https:\/\/reymondmeyer.ch\/wp-content\/uploads\/2021\/02\/pronatura.png\" class=\"attachment-full\" alt=\"logo de Pro Natura \u00e0 Champ-Pittet\" loading=\"lazy\" srcset=\"https:\/\/reymondmeyer.ch\/wp-content\/uploads\/2021\/02\/pronatura.png 562w, https:\/\/reymondmeyer.ch\/wp-content\/uploads\/2021\/02\/pronatura-300x136.png 300w\" sizes=\"(max-width: 562px) 100vw, 562px\" \/><\/a><\/div><\/div><div class=\"clients-bulk\"><div class=\"client-item\"><a target=\"_blank\"  href=\"#\"><img width=\"496\" height=\"192\" src=\"https:\/\/reymondmeyer.ch\/wp-content\/uploads\/2021\/02\/swisstech.png\" class=\"attachment-full\" alt=\"logo de SwissTech Convention Center\" loading=\"lazy\" srcset=\"https:\/\/reymondmeyer.ch\/wp-content\/uploads\/2021\/02\/swisstech.png 496w, https:\/\/reymondmeyer.ch\/wp-content\/uploads\/2021\/02\/swisstech-300x116.png 300w\" sizes=\"(max-width: 496px) 100vw, 496px\" \/><\/a><\/div><\/div><div class=\"clients-bulk\"><div class=\"client-item\"><a target=\"_blank\"  href=\"#\"><img width=\"496\" height=\"308\" src=\"https:\/\/reymondmeyer.ch\/wp-content\/uploads\/2021\/02\/yverdon.jpg\" class=\"attachment-full\" alt=\"\" loading=\"lazy\" srcset=\"https:\/\/reymondmeyer.ch\/wp-content\/uploads\/2021\/02\/yverdon.jpg 496w, https:\/\/reymondmeyer.ch\/wp-content\/uploads\/2021\/02\/yverdon-300x186.jpg 300w\" sizes=\"(max-width: 496px) 100vw, 496px\" \/><\/a><\/div><\/div><div class=\"clients-bulk\"><div class=\"client-item\"><a target=\"_blank\"  href=\"#\"><img width=\"496\" height=\"308\" src=\"https:\/\/reymondmeyer.ch\/wp-content\/uploads\/2021\/02\/scenes.jpg\" class=\"attachment-full\" alt=\"logo des Sc\u00e8nes du chapiteau\" loading=\"lazy\" srcset=\"https:\/\/reymondmeyer.ch\/wp-content\/uploads\/2021\/02\/scenes.jpg 496w, https:\/\/reymondmeyer.ch\/wp-content\/uploads\/2021\/02\/scenes-300x186.jpg 300w\" sizes=\"(max-width: 496px) 100vw, 496px\" \/><\/a><\/div><\/div><\/div><\/div>[\/vc_column][\/vc_row][vc_row full_width=&#8221;stretch_row&#8221; content_placement=&#8221;middle&#8221; css=&#8221;.vc_custom_1589301152945{border-top-width: 1px !important;border-bottom-width: 1px !important;padding-top: 3em !important;padding-bottom: 3em !important;border-top-color: #efefef !important;border-top-style: solid !important;border-bottom-color: #efefef !important;border-bottom-style: solid !important;}&#8221;][vc_column el_class=&#8221;interesse&#8221;][vc_column_text]<\/p>\n<h2 style=\"text-align: center;\">Are you interested in our works? We create and exhibit.<\/h2>\n<p>[\/vc_column_text]<a  class=\"dt-button orange big alt icon-left\" href=\"https:\/\/reymondmeyer.ch\/en\/contact-us\/\">Contact-us<\/a>[\/vc_column][\/vc_row][vc_row][vc_column][\/vc_column][\/vc_row][vc_row][vc_column]<div class=\"portfolio-slider-wrapper\"><div class=\"image-caption\"><\/div><div id=\"owl-slider-beb\" class=\"owl-carousel portfolio-slider mfp-gallery\" data-token=\"ySuJi\"><div class=\"slider-item\"><a title=\"\" href=\"\" class=\"not-link dt-lightbox-gallery\"><\/a><\/div><\/div><\/div>[\/vc_column][\/vc_row]<\/p>\n","protected":false},"excerpt":{"rendered":"<p>[vc_row full_width=&#8221;stretch_row_content_no_spaces&#8221; disable_element=&#8221;yes&#8221;][vc_column][vc_column_text][\/vc_column_text][\/vc_column][\/vc_row][vc_row full_width=&#8221;stretch_row_content_no_spaces&#8221;][vc_column][\/vc_column][\/vc_row][vc_row css=&#8221;.vc_custom_1589294539860{padding-top: 3em !important;padding-bottom: 1em !important;}&#8221; el_id=&#8221;oeuvres&#8221;][vc_column][vc_column_text] When love of nature and ancestral skills meet&#8230; <a class=\"excerpt-read-more\" href=\"https:\/\/reymondmeyer.ch\/en\/portfolio\/demie-fleur\/\"><span>Continue Reading<\/span><\/a><\/p>\n","protected":false},"author":1,"featured_media":0,"parent":0,"menu_order":0,"comment_status":"closed","ping_status":"closed","template":"template-homepage.php","meta":[],"yoast_head":"<!-- This site is optimized with the Yoast SEO plugin v15.9.1 - https:\/\/yoast.com\/wordpress\/plugins\/seo\/ -->\n<title>Homepage | When love of nature and ancestral skills meet fantasy\u00a0!<\/title>\n<meta name=\"description\" content=\"Discover the homepage and the duo of swiss artists that love the nature and the fantasy. They createad artworks with natural materials.\" \/>\n<meta name=\"robots\" content=\"index, follow, max-snippet:-1, max-image-preview:large, max-video-preview:-1\" \/>\n<link rel=\"canonical\" href=\"https:\/\/reymondmeyer.ch\/en\/\" \/>\n<meta property=\"og:locale\" content=\"en_US\" \/>\n<meta property=\"og:type\" content=\"article\" \/>\n<meta property=\"og:title\" content=\"Homepage | When love of nature and ancestral skills meet fantasy\u00a0!\" \/>\n<meta property=\"og:description\" content=\"Discover the homepage and the duo of swiss artists that love the nature and the fantasy. They createad artworks with natural materials.\" \/>\n<meta property=\"og:url\" content=\"https:\/\/reymondmeyer.ch\/en\/\" \/>\n<meta property=\"og:site_name\" content=\"Reymond Meyer\" \/>\n<meta property=\"article:publisher\" content=\"https:\/\/www.facebook.com\/artistessuisses\" \/>\n<meta property=\"article:modified_time\" content=\"2021-04-20T13:03:10+00:00\" \/>\n<meta property=\"og:image\" content=\"https:\/\/reymondmeyer.ch\/wp-content\/uploads\/2021\/02\/tornade-home.jpg\" \/>\n<meta name=\"twitter:label1\" content=\"Est. reading time\">\n\t<meta name=\"twitter:data1\" content=\"2 minutes\">\n<script type=\"application\/ld+json\" class=\"yoast-schema-graph\">{\"@context\":\"https:\/\/schema.org\",\"@graph\":[{\"@type\":\"Organization\",\"@id\":\"https:\/\/reymondmeyer.ch\/#organization\",\"name\":\"Reymond Meyer\",\"url\":\"https:\/\/reymondmeyer.ch\/\",\"sameAs\":[\"https:\/\/www.facebook.com\/artistessuisses\",\"https:\/\/www.instagram.com\/reymondmeyer\/\",\"https:\/\/www.linkedin.com\/company\/reymond-meyer\/?viewAsMember=true\"],\"logo\":{\"@type\":\"ImageObject\",\"@id\":\"https:\/\/reymondmeyer.ch\/#logo\",\"inLanguage\":\"en-US\",\"url\":\"https:\/\/reymondmeyer.ch\/wp-content\/uploads\/2021\/02\/rm_b_transp-3.png\",\"width\":200,\"height\":215,\"caption\":\"Reymond Meyer\"},\"image\":{\"@id\":\"https:\/\/reymondmeyer.ch\/#logo\"}},{\"@type\":\"WebSite\",\"@id\":\"https:\/\/reymondmeyer.ch\/#website\",\"url\":\"https:\/\/reymondmeyer.ch\/\",\"name\":\"Reymond Meyer\",\"description\":\"Un travail s\\u00e9rieux au service de la fantaisie.\",\"publisher\":{\"@id\":\"https:\/\/reymondmeyer.ch\/#organization\"},\"potentialAction\":[{\"@type\":\"SearchAction\",\"target\":\"https:\/\/reymondmeyer.ch\/?s={search_term_string}\",\"query-input\":\"required name=search_term_string\"}],\"inLanguage\":\"en-US\"},{\"@type\":\"ImageObject\",\"@id\":\"https:\/\/reymondmeyer.ch\/en\/#primaryimage\",\"inLanguage\":\"en-US\",\"url\":\"https:\/\/reymondmeyer.ch\/wp-content\/uploads\/2021\/02\/tornade-home.jpg\",\"width\":2200,\"height\":769},{\"@type\":\"WebPage\",\"@id\":\"https:\/\/reymondmeyer.ch\/en\/#webpage\",\"url\":\"https:\/\/reymondmeyer.ch\/en\/\",\"name\":\"Homepage | When love of nature and ancestral skills meet fantasy\\u00a0!\",\"isPartOf\":{\"@id\":\"https:\/\/reymondmeyer.ch\/#website\"},\"primaryImageOfPage\":{\"@id\":\"https:\/\/reymondmeyer.ch\/en\/#primaryimage\"},\"datePublished\":\"2015-11-13T20:35:06+00:00\",\"dateModified\":\"2021-04-20T13:03:10+00:00\",\"description\":\"Discover the homepage and the duo of swiss artists that love the nature and the fantasy. They createad artworks with natural materials.\",\"breadcrumb\":{\"@id\":\"https:\/\/reymondmeyer.ch\/en\/#breadcrumb\"},\"inLanguage\":\"en-US\",\"potentialAction\":[{\"@type\":\"ReadAction\",\"target\":[\"https:\/\/reymondmeyer.ch\/en\/\"]}]},{\"@type\":\"BreadcrumbList\",\"@id\":\"https:\/\/reymondmeyer.ch\/en\/#breadcrumb\",\"itemListElement\":[{\"@type\":\"ListItem\",\"position\":1,\"item\":{\"@type\":\"WebPage\",\"@id\":\"https:\/\/reymondmeyer.ch\/en\/\",\"url\":\"https:\/\/reymondmeyer.ch\/en\/\",\"name\":\"Accueil\"}},{\"@type\":\"ListItem\",\"position\":2,\"item\":{\"@type\":\"WebPage\",\"@id\":\"https:\/\/reymondmeyer.ch\/en\/\",\"url\":\"https:\/\/reymondmeyer.ch\/en\/\",\"name\":\"Homepage\"}}]}]}<\/script>\n<!-- \/ Yoast SEO plugin. -->","_links":{"self":[{"href":"https:\/\/reymondmeyer.ch\/en\/wp-json\/wp\/v2\/pages\/1086"}],"collection":[{"href":"https:\/\/reymondmeyer.ch\/en\/wp-json\/wp\/v2\/pages"}],"about":[{"href":"https:\/\/reymondmeyer.ch\/en\/wp-json\/wp\/v2\/types\/page"}],"author":[{"embeddable":true,"href":"https:\/\/reymondmeyer.ch\/en\/wp-json\/wp\/v2\/users\/1"}],"replies":[{"embeddable":true,"href":"https:\/\/reymondmeyer.ch\/en\/wp-json\/wp\/v2\/comments?post=1086"}],"version-history":[{"count":10,"href":"https:\/\/reymondmeyer.ch\/en\/wp-json\/wp\/v2\/pages\/1086\/revisions"}],"predecessor-version":[{"id":1495,"href":"https:\/\/reymondmeyer.ch\/en\/wp-json\/wp\/v2\/pages\/1086\/revisions\/1495"}],"wp:attachment":[{"href":"https:\/\/reymondmeyer.ch\/en\/wp-json\/wp\/v2\/media?parent=1086"}],"curies":[{"name":"wp","href":"https:\/\/api.w.org\/{rel}","templated":true}]}}