{"id":1125,"date":"2021-02-16T21:35:32","date_gmt":"2021-02-16T20:35:32","guid":{"rendered":"https:\/\/reymondmeyer.ch\/services\/"},"modified":"2021-04-12T20:49:13","modified_gmt":"2021-04-12T18:49:13","slug":"services","status":"publish","type":"page","link":"https:\/\/reymondmeyer.ch\/en\/services\/","title":{"rendered":"Services"},"content":{"rendered":"<p>[vc_row full_width=&#8221;stretch_row&#8221; parallax=&#8221;content-moving&#8221; parallax_image=&#8221;909&#8243; dt_text_scheme=&#8221;darker-overlay&#8221; css=&#8221;.vc_custom_1613507880993{padding-top: 200px !important;padding-bottom: 100px !important;}&#8221; dt_color=&#8221;#000000&#8243; dt_color_opacity=&#8221;70&#8243;][vc_column]<div class=\"title-center\"><div class=\"dt-title-wrapper section-title-big\"><h2 class=\"section-title\">SERVICES<\/h2><span class=\"section-line\"><\/span><\/div><\/div>[\/vc_column][\/vc_row][vc_row full_width=&#8221;stretch_row&#8221; gap=&#8221;35&#8243; equal_height=&#8221;yes&#8221; css=&#8221;.vc_custom_1613507824982{padding-top: 120px !important;padding-bottom: 100px !important;background-color: #fafafa !important;}&#8221;][vc_column dt_animation=&#8221;wow fadeInUp&#8221; el_class=&#8221;interesse&#8221;][vc_column_text]<\/p>\n<p style=\"text-align: left;\"><em>The real world hat its limits, but the imaginary world knows no frontiers&#8230; Jean-Jacques Rousseau<\/em><\/p>\n<p style=\"text-align: left;\">We love to surpass ourselves and offer a vast range of services.<\/p>\n<p style=\"text-align: left;\">We can create something according to your needs or using your ideas for a special event, outside, in a park, private or public garden as well as in other places.<\/p>\n<p style=\"text-align: left;\">We are able to adapt to different technical limitations and can work with various materials, with a strong preference for organic materials.<\/p>\n<p style=\"text-align: left;\">We put together efficient ad hoc teams depending on the challenges to be met and are also happy to travel and work in other countries.<\/p>\n<p><em><u>\u00a0<\/u><\/em>[\/vc_column_text]<a  class=\"dt-button orange big alt icon-left\" href=\"https:\/\/reymondmeyer.ch\/en\/contact-us\/\">Contact-us<\/a>[\/vc_column][\/vc_row][vc_row full_width=&#8221;stretch_row&#8221; disable_element=&#8221;yes&#8221; css=&#8221;.vc_custom_1613507791039{padding-top: 100px !important;padding-bottom: 100px !important;background-color: #fafafa !important;}&#8221;][vc_column][vc_column_text]<\/p>\n<h2 style=\"text-align: center;\">La rencontre<\/h2>\n<p>Un futur duo d\u2019artistes compos\u00e9 de deux personnages aussi particuliers ne peut se rencontrer b\u00eatement lors d\u2019un vernissage d\u2019un ami commun ou lors d\u2019une soir\u00e9e raclette. La rencontre doit \u00eatre \u00e0 la hauteur de l\u2019originalit\u00e9 des deux hommes impliqu\u00e9s. Et c\u2019est bel et bien ce qui s\u2019est pass\u00e9 en 2010. Sylvain et Jan se sont rencontr\u00e9s \u00e0 bord d\u2019un avion. Jan, en plus de cr\u00e9er des \u0153uvres originales et d\u2019\u00eatre le fondateur de la manifestation culturelle <em>Les Sc\u00e8nes du Chapiteau<\/em> de Romainm\u00f4tier, est \u00e9galement titulaire d\u2019un brevet de pilote. C\u2019est ainsi qu\u2019il a propos\u00e9 \u00e0 deux amis de venir planer avec lui. L\u2019un d\u2019eux, \u00e9galement pote de Sylvain, s\u2019est d\u00e9sist\u00e9 et a propos\u00e9 \u00e0 l\u2019artiste de land art de prendre sa place. C\u2019est ainsi que les deux comp\u00e8res ont caus\u00e9 cr\u00e9ations artistiques et ont fini par unir leurs talents.<\/p>\n<p>Jan est indispensable \u00e0 Sylvain pour la gestion des travaux avec les mat\u00e9riaux bruts, le d\u00e9coupage du bois, l\u2019assemblage et la r\u00e9solution de probl\u00e8mes logistiques lourds. Sylvain est indispensable \u00e0 Jan pour sa patience, sa minutie et sa ma\u00eetrise de l\u2019anamorphose. Les deux sont tout aussi exigeants et perfectionnistes.[\/vc_column_text][\/vc_column][\/vc_row][vc_row full_width=&#8221;stretch_row&#8221; gap=&#8221;35&#8243; equal_height=&#8221;yes&#8221; css=&#8221;.vc_custom_1613507820694{padding-top: 120px !important;padding-bottom: 100px !important;}&#8221;][vc_column width=&#8221;2\/4&#8243; dt_animation=&#8221;wow fadeInUp&#8221;]<div class=\"title-center\"><div class=\"dt-title-wrapper section-title-small\"><h2 class=\"section-title\">Les \u0153uvres du duo<\/h2><span class=\"section-line\"><\/span><h4 class=\"section-tagline\">Des \u0153uvres uniques et \u00e9tonnantes<\/h4><\/div><\/div>[\/vc_column][vc_column width=&#8221;1\/4&#8243; dt_animation=&#8221;wow fadeInUp&#8221; dt_animation_delay=&#8221;0.3&#8243;][vc_column_text el_class=&#8221;services-list&#8221;]<\/p>\n<ul>\n<li><a href=\"https:\/\/reymondmeyer.ch\/portfolio\/demie-fleur\/\">Demi-fleur<\/a><\/li>\n<li><a href=\"https:\/\/reymondmeyer.ch\/portfolio\/telephones-portables\/\">T\u00e9l\u00e9phones portables<\/a><\/li>\n<li><a href=\"https:\/\/reymondmeyer.ch\/portfolio\/infini\/\">Infini<\/a><\/li>\n<\/ul>\n<p>[\/vc_column_text][\/vc_column][vc_column width=&#8221;1\/4&#8243;][vc_column_text el_class=&#8221;services-list&#8221;]<\/p>\n<ul>\n<li><a href=\"https:\/\/reymondmeyer.ch\/en\/portfolio\/tornade\/\">Tornade<\/a><\/li>\n<li><a href=\"https:\/\/reymondmeyer.ch\/en\/portfolio\/beaute-exterieure\/\">Beaut\u00e9 ext\u00e9rieure<\/a><\/li>\n<\/ul>\n<p>[\/vc_column_text][\/vc_column][\/vc_row]<\/p>\n","protected":false},"excerpt":{"rendered":"<p>[vc_row full_width=&#8221;stretch_row&#8221; parallax=&#8221;content-moving&#8221; parallax_image=&#8221;909&#8243; dt_text_scheme=&#8221;darker-overlay&#8221; css=&#8221;.vc_custom_1613507880993{padding-top: 200px !important;padding-bottom: 100px !important;}&#8221; dt_color=&#8221;#000000&#8243; dt_color_opacity=&#8221;70&#8243;][vc_column][\/vc_column][\/vc_row][vc_row full_width=&#8221;stretch_row&#8221; gap=&#8221;35&#8243; equal_height=&#8221;yes&#8221; css=&#8221;.vc_custom_1613507824982{padding-top: 120px !important;padding-bottom:&#8230; <a class=\"excerpt-read-more\" href=\"https:\/\/reymondmeyer.ch\/en\/services\/\"><span>Continue Reading<\/span><\/a><\/p>\n","protected":false},"author":1,"featured_media":0,"parent":0,"menu_order":0,"comment_status":"closed","ping_status":"closed","template":"template-homepage.php","meta":[],"yoast_head":"<!-- This site is optimized with the Yoast SEO plugin v15.9.1 - https:\/\/yoast.com\/wordpress\/plugins\/seo\/ -->\n<title>Services - Reymond Meyer<\/title>\n<meta name=\"robots\" content=\"index, follow, max-snippet:-1, max-image-preview:large, max-video-preview:-1\" \/>\n<link rel=\"canonical\" href=\"https:\/\/reymondmeyer.ch\/en\/services\/\" \/>\n<meta property=\"og:locale\" content=\"en_US\" \/>\n<meta property=\"og:type\" content=\"article\" \/>\n<meta property=\"og:title\" content=\"Services - Reymond Meyer\" \/>\n<meta property=\"og:description\" content=\"[vc_row full_width=&#8221;stretch_row&#8221; parallax=&#8221;content-moving&#8221; parallax_image=&#8221;909&#8243; dt_text_scheme=&#8221;darker-overlay&#8221; css=&#8221;.vc_custom_1613507880993{padding-top: 200px !important;padding-bottom: 100px !important;}&#8221; dt_color=&#8221;#000000&#8243; dt_color_opacity=&#8221;70&#8243;][vc_column][\/vc_column][\/vc_row][vc_row full_width=&#8221;stretch_row&#8221; gap=&#8221;35&#8243; equal_height=&#8221;yes&#8221; css=&#8221;.vc_custom_1613507824982{padding-top: 120px !important;padding-bottom:... Continue Reading\" \/>\n<meta property=\"og:url\" content=\"https:\/\/reymondmeyer.ch\/en\/services\/\" \/>\n<meta property=\"og:site_name\" content=\"Reymond Meyer\" \/>\n<meta property=\"article:publisher\" content=\"https:\/\/www.facebook.com\/artistessuisses\" \/>\n<meta property=\"article:modified_time\" content=\"2021-04-12T18:49:13+00:00\" \/>\n<meta name=\"twitter:label1\" content=\"Est. reading time\">\n\t<meta name=\"twitter:data1\" content=\"2 minutes\">\n<script type=\"application\/ld+json\" class=\"yoast-schema-graph\">{\"@context\":\"https:\/\/schema.org\",\"@graph\":[{\"@type\":\"Organization\",\"@id\":\"https:\/\/reymondmeyer.ch\/#organization\",\"name\":\"Reymond Meyer\",\"url\":\"https:\/\/reymondmeyer.ch\/\",\"sameAs\":[\"https:\/\/www.facebook.com\/artistessuisses\",\"https:\/\/www.instagram.com\/reymondmeyer\/\",\"https:\/\/www.linkedin.com\/company\/reymond-meyer\/?viewAsMember=true\"],\"logo\":{\"@type\":\"ImageObject\",\"@id\":\"https:\/\/reymondmeyer.ch\/#logo\",\"inLanguage\":\"en-US\",\"url\":\"https:\/\/reymondmeyer.ch\/wp-content\/uploads\/2021\/02\/rm_b_transp-3.png\",\"width\":200,\"height\":215,\"caption\":\"Reymond Meyer\"},\"image\":{\"@id\":\"https:\/\/reymondmeyer.ch\/#logo\"}},{\"@type\":\"WebSite\",\"@id\":\"https:\/\/reymondmeyer.ch\/#website\",\"url\":\"https:\/\/reymondmeyer.ch\/\",\"name\":\"Reymond Meyer\",\"description\":\"Un travail s\\u00e9rieux au service de la fantaisie.\",\"publisher\":{\"@id\":\"https:\/\/reymondmeyer.ch\/#organization\"},\"potentialAction\":[{\"@type\":\"SearchAction\",\"target\":\"https:\/\/reymondmeyer.ch\/?s={search_term_string}\",\"query-input\":\"required name=search_term_string\"}],\"inLanguage\":\"en-US\"},{\"@type\":\"WebPage\",\"@id\":\"https:\/\/reymondmeyer.ch\/en\/services\/#webpage\",\"url\":\"https:\/\/reymondmeyer.ch\/en\/services\/\",\"name\":\"Services - Reymond Meyer\",\"isPartOf\":{\"@id\":\"https:\/\/reymondmeyer.ch\/#website\"},\"datePublished\":\"2021-02-16T20:35:32+00:00\",\"dateModified\":\"2021-04-12T18:49:13+00:00\",\"breadcrumb\":{\"@id\":\"https:\/\/reymondmeyer.ch\/en\/services\/#breadcrumb\"},\"inLanguage\":\"en-US\",\"potentialAction\":[{\"@type\":\"ReadAction\",\"target\":[\"https:\/\/reymondmeyer.ch\/en\/services\/\"]}]},{\"@type\":\"BreadcrumbList\",\"@id\":\"https:\/\/reymondmeyer.ch\/en\/services\/#breadcrumb\",\"itemListElement\":[{\"@type\":\"ListItem\",\"position\":1,\"item\":{\"@type\":\"WebPage\",\"@id\":\"https:\/\/reymondmeyer.ch\/en\/\",\"url\":\"https:\/\/reymondmeyer.ch\/en\/\",\"name\":\"Accueil\"}},{\"@type\":\"ListItem\",\"position\":2,\"item\":{\"@type\":\"WebPage\",\"@id\":\"https:\/\/reymondmeyer.ch\/en\/services\/\",\"url\":\"https:\/\/reymondmeyer.ch\/en\/services\/\",\"name\":\"Services\"}}]}]}<\/script>\n<!-- \/ Yoast SEO plugin. -->","_links":{"self":[{"href":"https:\/\/reymondmeyer.ch\/en\/wp-json\/wp\/v2\/pages\/1125"}],"collection":[{"href":"https:\/\/reymondmeyer.ch\/en\/wp-json\/wp\/v2\/pages"}],"about":[{"href":"https:\/\/reymondmeyer.ch\/en\/wp-json\/wp\/v2\/types\/page"}],"author":[{"embeddable":true,"href":"https:\/\/reymondmeyer.ch\/en\/wp-json\/wp\/v2\/users\/1"}],"replies":[{"embeddable":true,"href":"https:\/\/reymondmeyer.ch\/en\/wp-json\/wp\/v2\/comments?post=1125"}],"version-history":[{"count":8,"href":"https:\/\/reymondmeyer.ch\/en\/wp-json\/wp\/v2\/pages\/1125\/revisions"}],"predecessor-version":[{"id":1436,"href":"https:\/\/reymondmeyer.ch\/en\/wp-json\/wp\/v2\/pages\/1125\/revisions\/1436"}],"wp:attachment":[{"href":"https:\/\/reymondmeyer.ch\/en\/wp-json\/wp\/v2\/media?parent=1125"}],"curies":[{"name":"wp","href":"https:\/\/api.w.org\/{rel}","templated":true}]}}