{"id":1129,"date":"2021-02-16T21:24:07","date_gmt":"2021-02-16T20:24:07","guid":{"rendered":"https:\/\/reymondmeyer.ch\/presse-references\/"},"modified":"2021-04-20T15:03:55","modified_gmt":"2021-04-20T13:03:55","slug":"press-references","status":"publish","type":"page","link":"https:\/\/reymondmeyer.ch\/en\/press-references\/","title":{"rendered":"Press &#038; References"},"content":{"rendered":"<p>[vc_row full_width=&#8221;stretch_row&#8221; parallax=&#8221;content-moving&#8221; parallax_image=&#8221;960&#8243; dt_text_scheme=&#8221;darker-overlay&#8221; css=&#8221;.vc_custom_1613507143433{padding-top: 200px !important;padding-bottom: 100px !important;}&#8221; dt_color=&#8221;#000000&#8243; dt_color_opacity=&#8221;70&#8243;][vc_column]<div class=\"title-center\"><div class=\"dt-title-wrapper section-title-big\"><h2 class=\"section-title\">PRESS &amp; REFERENCES<\/h2><span class=\"section-line\"><\/span><h4 class=\"section-tagline\">They talk about us<\/h4><\/div><\/div>[\/vc_column][\/vc_row][vc_row full_width=&#8221;stretch_row&#8221; disable_element=&#8221;yes&#8221; css=&#8221;.vc_custom_1613507309142{padding-top: 100px !important;padding-bottom: 100px !important;background-color: #fafafa !important;}&#8221;][vc_column][vc_column_text]<\/p>\n<h2 style=\"text-align: center;\">La rencontre<\/h2>\n<p>Un futur duo d\u2019artistes compos\u00e9 de deux personnages aussi particuliers ne peut se rencontrer b\u00eatement lors d\u2019un vernissage d\u2019un ami commun ou lors d\u2019une soir\u00e9e raclette. La rencontre doit \u00eatre \u00e0 la hauteur de l\u2019originalit\u00e9 des deux hommes impliqu\u00e9s. Et c\u2019est bel et bien ce qui s\u2019est pass\u00e9 en 2010. Sylvain et Jan se sont rencontr\u00e9s \u00e0 bord d\u2019un avion. Jan, en plus de cr\u00e9er des \u0153uvres originales et d\u2019\u00eatre le fondateur de la manifestation culturelle <em>Les Sc\u00e8nes du Chapiteau<\/em> de Romainm\u00f4tier, est \u00e9galement titulaire d\u2019un brevet de pilote. C\u2019est ainsi qu\u2019il a propos\u00e9 \u00e0 deux amis de venir planer avec lui. L\u2019un d\u2019eux, \u00e9galement pote de Sylvain, s\u2019est d\u00e9sist\u00e9 et a propos\u00e9 \u00e0 l\u2019artiste de land art de prendre sa place. C\u2019est ainsi que les deux comp\u00e8res ont caus\u00e9 cr\u00e9ations artistiques et ont fini par unir leurs talents.<\/p>\n<p>Jan est indispensable \u00e0 Sylvain pour la gestion des travaux avec les mat\u00e9riaux bruts, le d\u00e9coupage du bois, l\u2019assemblage et la r\u00e9solution de probl\u00e8mes logistiques lourds. Sylvain est indispensable \u00e0 Jan pour sa patience, sa minutie et sa ma\u00eetrise de l\u2019anamorphose. Les deux sont tout aussi exigeants et perfectionnistes.[\/vc_column_text][\/vc_column][\/vc_row][vc_row gap=&#8221;35&#8243; equal_height=&#8221;yes&#8221; content_placement=&#8221;middle&#8221; css=&#8221;.vc_custom_1613482607331{padding-top: 100px !important;}&#8221; el_id=&#8221;team&#8221;][vc_column width=&#8221;1\/2&#8243;][vc_column_text]<img loading=\"lazy\" class=\"alignnone wp-image-1152 size-full\" src=\"https:\/\/reymondmeyer.ch\/wp-content\/uploads\/2020\/05\/officiel_ext_2.jpg\" alt=\"\" width=\"1000\" height=\"1498\" srcset=\"https:\/\/reymondmeyer.ch\/wp-content\/uploads\/2020\/05\/officiel_ext_2.jpg 1000w, https:\/\/reymondmeyer.ch\/wp-content\/uploads\/2020\/05\/officiel_ext_2-200x300.jpg 200w, https:\/\/reymondmeyer.ch\/wp-content\/uploads\/2020\/05\/officiel_ext_2-684x1024.jpg 684w, https:\/\/reymondmeyer.ch\/wp-content\/uploads\/2020\/05\/officiel_ext_2-768x1150.jpg 768w, https:\/\/reymondmeyer.ch\/wp-content\/uploads\/2020\/05\/officiel_ext_2-640x959.jpg 640w\" sizes=\"(max-width: 1000px) 100vw, 1000px\" \/>[\/vc_column_text][\/vc_column][vc_column width=&#8221;1\/2&#8243;][vc_column_text]<\/p>\n<h2>Our references<\/h2>\n<h3>2011<\/h3>\n<p>Cr\u00e9ation d\u2019\u0153uvre \u00ab Demi-Fleur \u00bb pour et avec <strong>Les Sc\u00e8nes du Chapiteau<\/strong> de Romainm\u00f4tier. Rencontre de Jan et Sylvain. <a href=\"http:\/\/scenesduchapiteau.ch\/\" target=\"_blank\" rel=\"noopener noreferrer\">http:\/\/scenesduchapiteau.ch\/<\/a><\/p>\n<h3>2012<\/h3>\n<p>Campagne de publicit\u00e9 <strong>Swisscom<\/strong> \u00ab\u00a0Swisscom Mobil Aid\u00a0\u00bb Cr\u00e9ation de deux visages d\u2019enfants en anamorphose compos\u00e9 10&#8217;000 t\u00e9l\u00e9phones portables chacun. Mandat de <strong>Saatchi &amp; Saatchi SA<\/strong>. <a href=\"http:\/\/saatchi-ch.com\/en-ch\/\" target=\"_blank\" rel=\"noopener noreferrer\">http:\/\/saatchi-ch.com\/en-ch\/<\/a><\/p>\n<h3>2014<\/h3>\n<p>Inauguration du nouveau centre de l\u2019<strong>EPFL<\/strong>, le \u00ab\u00a0<strong>SwissTech Convention Center<\/strong>\u00a0\u00bb. Cr\u00e9ation d\u2019une \u0153uvre Landart compos\u00e9e de 150 sapins. D\u2019un point de vue, les sapins s\u2019alignent pour former le symbole math\u00e9matique de l\u2019infini. <a href=\"https:\/\/www.stcc.ch\/fr\/\" target=\"_blank\" rel=\"noopener noreferrer\">https:\/\/www.stcc.ch\/fr\/<\/a><\/p>\n<h3>2015<\/h3>\n<p>Cr\u00e9ation de l\u2019\u0153uvre \u00ab La Tornade \u00bb \u00e0 <strong>Yverdon-Les-Bains<\/strong> dans le cadre d\u2019un message de sensibilisation au changement climatique initi\u00e9 par l\u2019agenda 21 de la ville. <a href=\"https:\/\/www.yverdon-les-bains.ch\/votre-commune\/les-services-de-ladministration\/culture-et-agenda21\" target=\"_blank\" rel=\"noopener noreferrer\">https:\/\/www.yverdon-les-bains.ch\/votre-commune\/les-services-de-ladministration\/culture-et-agenda21<\/a>. <strong>Centre Pro Natura de Champ-Pittet<\/strong> pour la deuxi\u00e8me vie de la Tornade. <a href=\"https:\/\/www.pronatura-champ-pittet.ch\/fr\">https:\/\/www.pronatura-champ-pittet.ch\/fr<\/a><\/p>\n<h3>2018<\/h3>\n<p>R\u00e9alisation de l\u2019\u0153uvre <em>Beaut\u00e9 ext\u00e9rieure<\/em> pour le <strong>Jardin botanique alpin de Meyrin<\/strong>. <a href=\"https:\/\/www.meyrin.ch\/fr\/node\/227\" target=\"_blank\" rel=\"noopener noreferrer\">https:\/\/www.meyrin.ch\/fr\/node\/227<\/a>. Et <strong>H\u00f4pital Beau-S\u00e9jour \u00e0 Gen\u00e8ve<\/strong> comme r\u00e9f\u00e9rence pour la deuxi\u00e8me vie de cette \u0153uvre. <a href=\"https:\/\/www.hug-ge.ch\/hopital-beau-sejour\" target=\"_blank\" rel=\"noopener noreferrer\">https:\/\/www.hug-ge.ch\/hopital-beau-sejour<\/a>[\/vc_column_text][\/vc_column][\/vc_row][vc_row gap=&#8221;35&#8243; equal_height=&#8221;yes&#8221; content_placement=&#8221;middle&#8221; css=&#8221;.vc_custom_1613482589058{padding-top: 100px !important;}&#8221;][vc_column width=&#8221;1\/2&#8243;][vc_column_text]<\/p>\n<h2>Press releases<\/h2>\n<h3>Beaut\u00e9 ext\u00e9rieure<\/h3>\n<ul>\n<li><a href=\"https:\/\/reymondmeyer.ch\/wp-content\/uploads\/2021\/02\/FACM@JBAM-WEB-light.pdf\" target=\"_blank\" rel=\"noopener noreferrer\">doc du Jardin botanique alpin<\/a><\/li>\n<li>magazine IDB L\u2019industriel du bois (<a href=\"https:\/\/reymondmeyer.ch\/wp-content\/uploads\/2021\/02\/R183902Sphere.pdf\" target=\"_blank\" rel=\"noopener noreferrer\">article<\/a> + <a href=\"https:\/\/reymondmeyer.ch\/wp-content\/uploads\/2021\/02\/couvertureseptembre.pdf\" target=\"_blank\" rel=\"noopener noreferrer\">couverture<\/a>)<\/li>\n<li><a href=\"https:\/\/reymondmeyer.ch\/wp-content\/uploads\/2021\/02\/101156.IDB_09_2018_REP_Sphere.pdf\" target=\"_blank\" rel=\"noopener noreferrer\">magazine Comprendre<\/a><\/li>\n<\/ul>\n<h3>La tornade<\/h3>\n<p><a href=\"https:\/\/www.rts.ch\/play\/tv\/couleurs-locales\/video\/vd-une-oeuvre-dart-ephemere-sensibilise-yverdon-les-bains-au-changement-climatique?id=7284759\" target=\"_blank\" rel=\"noopener noreferrer\">https:\/\/www.rts.ch\/play\/tv\/couleurs-locales\/video\/vd-une-oeuvre-dart-ephemere-sensibilise-yverdon-les-bains-au-changement-climatique?id=7284759<\/a><\/p>\n<p><a href=\"https:\/\/www.24heures.ch\/vaud-regions\/nord-vaudois-broye\/tornade-enguirlandee-yverdonlesbains\/story\/30787366\" target=\"_blank\" rel=\"noopener noreferrer\">https:\/\/www.24heures.ch\/vaud-regions\/nord-vaudois-broye\/tornade-enguirlandee-yverdonlesbains\/story\/30787366<\/a><\/p>\n<p><a href=\"https:\/\/www.yverdon-les-bains.ch\/media\/communiques-de-presse\/detail\/la-tornade-prend-ses-quartiers-sur-le-site-de-champ-pittet\" target=\"_blank\" rel=\"noopener noreferrer\">https:\/\/www.yverdon-les-bains.ch\/media\/communiques-de-presse\/detail\/la-tornade-prend-ses-quartiers-sur-le-site-de-champ-pittet<\/a><\/p>\n<p><a href=\"https:\/\/www.youtube.com\/watch?v=-QAc2yUT-xI\" target=\"_blank\" rel=\"noopener noreferrer\">https:\/\/www.youtube.com\/watch?v=-QAc2yUT-xI<\/a><\/p>\n<p><a href=\"https:\/\/www.pronatura.ch\/fr\/une-tornade-va-souffler-champ-pittet\" target=\"_blank\" rel=\"noopener noreferrer\">https:\/\/www.pronatura.ch\/fr\/une-tornade-va-souffler-champ-pittet<\/a><\/p>\n<p><a href=\"http:\/\/www.emoi.ch\/la-tornade-se-deplace-a-champ-pittet\/\" target=\"_blank\" rel=\"noopener noreferrer\">http:\/\/www.emoi.ch\/la-tornade-se-deplace-a-champ-pittet\/<\/a>[\/vc_column_text][\/vc_column][vc_column width=&#8221;1\/2&#8243;][vc_column_text]<img loading=\"lazy\" class=\"alignnone size-full wp-image-1121\" src=\"https:\/\/reymondmeyer.ch\/wp-content\/uploads\/2021\/02\/reymond.jpg\" alt=\"\" width=\"1200\" height=\"1572\" srcset=\"https:\/\/reymondmeyer.ch\/wp-content\/uploads\/2021\/02\/reymond.jpg 1200w, https:\/\/reymondmeyer.ch\/wp-content\/uploads\/2021\/02\/reymond-229x300.jpg 229w, https:\/\/reymondmeyer.ch\/wp-content\/uploads\/2021\/02\/reymond-782x1024.jpg 782w, https:\/\/reymondmeyer.ch\/wp-content\/uploads\/2021\/02\/reymond-768x1006.jpg 768w, https:\/\/reymondmeyer.ch\/wp-content\/uploads\/2021\/02\/reymond-1173x1536.jpg 1173w, https:\/\/reymondmeyer.ch\/wp-content\/uploads\/2021\/02\/reymond-1120x1467.jpg 1120w, https:\/\/reymondmeyer.ch\/wp-content\/uploads\/2021\/02\/reymond-640x838.jpg 640w\" sizes=\"(max-width: 1200px) 100vw, 1200px\" \/>[\/vc_column_text][\/vc_column][\/vc_row][vc_row full_width=&#8221;stretch_row&#8221; gap=&#8221;35&#8243; equal_height=&#8221;yes&#8221; disable_element=&#8221;yes&#8221; css=&#8221;.vc_custom_1613507492548{padding-top: 120px !important;padding-bottom: 100px !important;background-color: #fafafa !important;}&#8221;][vc_column width=&#8221;2\/4&#8243; dt_animation=&#8221;wow fadeInUp&#8221;]<div class=\"title-center\"><div class=\"dt-title-wrapper section-title-small\"><h2 class=\"section-title\">Les \u0153uvres du duo<\/h2><span class=\"section-line\"><\/span><h4 class=\"section-tagline\">Des \u0153uvres uniques et \u00e9tonnantes<\/h4><\/div><\/div>[\/vc_column][vc_column width=&#8221;1\/4&#8243; dt_animation=&#8221;wow fadeInUp&#8221; dt_animation_delay=&#8221;0.3&#8243;][vc_column_text el_class=&#8221;services-list&#8221;]<\/p>\n<ul>\n<li><a href=\"https:\/\/reymondmeyer.ch\/portfolio\/demie-fleur\/\">Demi-fleur<\/a><\/li>\n<li><a href=\"https:\/\/reymondmeyer.ch\/portfolio\/telephones-portables\/\">T\u00e9l\u00e9phones portables<\/a><\/li>\n<li><a href=\"https:\/\/reymondmeyer.ch\/portfolio\/infini\/\">Infini<\/a><\/li>\n<\/ul>\n<p>[\/vc_column_text][\/vc_column][vc_column width=&#8221;1\/4&#8243;][vc_column_text el_class=&#8221;services-list&#8221;]<\/p>\n<ul>\n<li><a href=\"https:\/\/reymondmeyer.ch\/portfolio\/tornade\/\">Tornade<\/a><\/li>\n<li><a href=\"https:\/\/reymondmeyer.ch\/portfolio\/beaute-exterieure\/\">Beaut\u00e9 ext\u00e9rieure<\/a><\/li>\n<\/ul>\n<p>[\/vc_column_text][\/vc_column][\/vc_row][vc_row full_width=&#8221;stretch_row_content&#8221; css=&#8221;.vc_custom_1618923726831{padding-top: 120px !important;padding-bottom: 100px !important;}&#8221;][vc_column][vc_column_text]<\/p>\n<h2 style=\"text-align: center;\">They trusted us<\/h2>\n<p>[\/vc_column_text]<div class=\"clients-carousel\"><div id=\"owl-clients-ede\" class=\"owl-carousel carousel-clients\" data-token=\"kf6Di\"><div class=\"clients-bulk\"><div class=\"client-item\"><a target=\"_blank\"  href=\"https:\/\/www.meyrin.ch\/fr\"><img width=\"496\" height=\"308\" src=\"https:\/\/reymondmeyer.ch\/wp-content\/uploads\/2021\/02\/meyrin.png\" class=\"attachment-full\" alt=\"logo de la commune de Meyrin\" loading=\"lazy\" srcset=\"https:\/\/reymondmeyer.ch\/wp-content\/uploads\/2021\/02\/meyrin.png 496w, https:\/\/reymondmeyer.ch\/wp-content\/uploads\/2021\/02\/meyrin-300x186.png 300w\" sizes=\"(max-width: 496px) 100vw, 496px\" \/><\/a><\/div><\/div><div class=\"clients-bulk\"><div class=\"client-item\"><a target=\"_blank\"  href=\"https:\/\/www.hug.ch\/\"><img width=\"364\" height=\"138\" src=\"https:\/\/reymondmeyer.ch\/wp-content\/uploads\/2021\/02\/hug.png\" class=\"attachment-full\" alt=\"logo des HUG\" loading=\"lazy\" srcset=\"https:\/\/reymondmeyer.ch\/wp-content\/uploads\/2021\/02\/hug.png 364w, https:\/\/reymondmeyer.ch\/wp-content\/uploads\/2021\/02\/hug-300x114.png 300w\" sizes=\"(max-width: 364px) 100vw, 364px\" \/><\/a><\/div><\/div><div class=\"clients-bulk\"><div class=\"client-item\"><a target=\"_blank\"  href=\"https:\/\/www.pronatura.ch\/fr\"><img width=\"562\" height=\"254\" src=\"https:\/\/reymondmeyer.ch\/wp-content\/uploads\/2021\/02\/pronatura.png\" class=\"attachment-full\" alt=\"logo de Pro Natura \u00e0 Champ-Pittet\" loading=\"lazy\" srcset=\"https:\/\/reymondmeyer.ch\/wp-content\/uploads\/2021\/02\/pronatura.png 562w, https:\/\/reymondmeyer.ch\/wp-content\/uploads\/2021\/02\/pronatura-300x136.png 300w\" sizes=\"(max-width: 562px) 100vw, 562px\" \/><\/a><\/div><\/div><div class=\"clients-bulk\"><div class=\"client-item\"><a target=\"_blank\"  href=\"https:\/\/www.stcc.ch\/fr\/\"><img width=\"496\" height=\"192\" src=\"https:\/\/reymondmeyer.ch\/wp-content\/uploads\/2021\/02\/swisstech.png\" class=\"attachment-full\" alt=\"logo de SwissTech Convention Center\" loading=\"lazy\" srcset=\"https:\/\/reymondmeyer.ch\/wp-content\/uploads\/2021\/02\/swisstech.png 496w, https:\/\/reymondmeyer.ch\/wp-content\/uploads\/2021\/02\/swisstech-300x116.png 300w\" sizes=\"(max-width: 496px) 100vw, 496px\" \/><\/a><\/div><\/div><div class=\"clients-bulk\"><div class=\"client-item\"><a target=\"_blank\"  href=\"https:\/\/www.yverdon-les-bains.ch\/accueil\"><img width=\"496\" height=\"308\" src=\"https:\/\/reymondmeyer.ch\/wp-content\/uploads\/2021\/02\/yverdon.jpg\" class=\"attachment-full\" alt=\"\" loading=\"lazy\" srcset=\"https:\/\/reymondmeyer.ch\/wp-content\/uploads\/2021\/02\/yverdon.jpg 496w, https:\/\/reymondmeyer.ch\/wp-content\/uploads\/2021\/02\/yverdon-300x186.jpg 300w\" sizes=\"(max-width: 496px) 100vw, 496px\" \/><\/a><\/div><\/div><div class=\"clients-bulk\"><div class=\"client-item\"><a target=\"_blank\"  href=\"http:\/\/scenesduchapiteau.ch\/\"><img width=\"496\" height=\"308\" src=\"https:\/\/reymondmeyer.ch\/wp-content\/uploads\/2021\/02\/scenes.jpg\" class=\"attachment-full\" alt=\"logo des Sc\u00e8nes du chapiteau\" loading=\"lazy\" srcset=\"https:\/\/reymondmeyer.ch\/wp-content\/uploads\/2021\/02\/scenes.jpg 496w, https:\/\/reymondmeyer.ch\/wp-content\/uploads\/2021\/02\/scenes-300x186.jpg 300w\" sizes=\"(max-width: 496px) 100vw, 496px\" \/><\/a><\/div><\/div><div class=\"clients-bulk\"><div class=\"client-item\"><a target=\"_blank\"  href=\"https:\/\/www.epfl.ch\/fr\/\"><img width=\"364\" height=\"138\" src=\"https:\/\/reymondmeyer.ch\/wp-content\/uploads\/2021\/04\/epfl.png\" class=\"attachment-full\" alt=\"\" loading=\"lazy\" srcset=\"https:\/\/reymondmeyer.ch\/wp-content\/uploads\/2021\/04\/epfl.png 364w, https:\/\/reymondmeyer.ch\/wp-content\/uploads\/2021\/04\/epfl-300x114.png 300w\" sizes=\"(max-width: 364px) 100vw, 364px\" \/><\/a><\/div><\/div><div class=\"clients-bulk\"><div class=\"client-item\"><a target=\"_blank\"  href=\"https:\/\/www.swisscom.ch\/fr\/\"><img width=\"364\" height=\"138\" src=\"https:\/\/reymondmeyer.ch\/wp-content\/uploads\/2021\/04\/swisscom.png\" class=\"attachment-full\" alt=\"\" loading=\"lazy\" srcset=\"https:\/\/reymondmeyer.ch\/wp-content\/uploads\/2021\/04\/swisscom.png 364w, https:\/\/reymondmeyer.ch\/wp-content\/uploads\/2021\/04\/swisscom-300x114.png 300w\" sizes=\"(max-width: 364px) 100vw, 364px\" \/><\/a><\/div><\/div><div class=\"clients-bulk\"><div class=\"client-item\"><a target=\"_blank\"  href=\"https:\/\/saatchi-ch.com\/en-ch\/\"><img width=\"364\" height=\"138\" src=\"https:\/\/reymondmeyer.ch\/wp-content\/uploads\/2021\/04\/saatchi.png\" class=\"attachment-full\" alt=\"\" loading=\"lazy\" srcset=\"https:\/\/reymondmeyer.ch\/wp-content\/uploads\/2021\/04\/saatchi.png 364w, https:\/\/reymondmeyer.ch\/wp-content\/uploads\/2021\/04\/saatchi-300x114.png 300w\" sizes=\"(max-width: 364px) 100vw, 364px\" \/><\/a><\/div><\/div><\/div><\/div>[\/vc_column][\/vc_row][vc_row full_width=&#8221;stretch_row&#8221; gap=&#8221;35&#8243; equal_height=&#8221;yes&#8221; disable_element=&#8221;yes&#8221; css=&#8221;.vc_custom_1618923717549{padding-top: 120px !important;padding-bottom: 100px !important;}&#8221;][vc_column dt_animation=&#8221;wow fadeInUp&#8221; el_class=&#8221;interesse&#8221;][vc_column_text]<\/p>\n<h2 style=\"text-align: center;\">Are you interested in our works? We create and exhibit.<\/h2>\n<p>[\/vc_column_text]<a  class=\"dt-button orange big alt icon-left\" href=\"https:\/\/reymondmeyer.ch\/en\/contact-us\/\">Contact-us<\/a>[\/vc_column][\/vc_row]<\/p>\n","protected":false},"excerpt":{"rendered":"<p>[vc_row full_width=&#8221;stretch_row&#8221; parallax=&#8221;content-moving&#8221; parallax_image=&#8221;960&#8243; dt_text_scheme=&#8221;darker-overlay&#8221; css=&#8221;.vc_custom_1613507143433{padding-top: 200px !important;padding-bottom: 100px !important;}&#8221; dt_color=&#8221;#000000&#8243; dt_color_opacity=&#8221;70&#8243;][vc_column][\/vc_column][\/vc_row][vc_row full_width=&#8221;stretch_row&#8221; disable_element=&#8221;yes&#8221; css=&#8221;.vc_custom_1613507309142{padding-top: 100px !important;padding-bottom: 100px&#8230; <a class=\"excerpt-read-more\" href=\"https:\/\/reymondmeyer.ch\/en\/press-references\/\"><span>Continue Reading<\/span><\/a><\/p>\n","protected":false},"author":1,"featured_media":0,"parent":0,"menu_order":0,"comment_status":"closed","ping_status":"closed","template":"template-homepage.php","meta":[],"yoast_head":"<!-- This site is optimized with the Yoast SEO plugin v15.9.1 - https:\/\/yoast.com\/wordpress\/plugins\/seo\/ -->\n<title>Press &amp; References - Reymond Meyer<\/title>\n<meta name=\"robots\" content=\"index, follow, max-snippet:-1, max-image-preview:large, max-video-preview:-1\" \/>\n<link rel=\"canonical\" href=\"https:\/\/reymondmeyer.ch\/en\/press-references\/\" \/>\n<meta property=\"og:locale\" content=\"en_US\" \/>\n<meta property=\"og:type\" content=\"article\" \/>\n<meta property=\"og:title\" content=\"Press &amp; References - Reymond Meyer\" \/>\n<meta property=\"og:description\" content=\"[vc_row full_width=&#8221;stretch_row&#8221; parallax=&#8221;content-moving&#8221; parallax_image=&#8221;960&#8243; dt_text_scheme=&#8221;darker-overlay&#8221; css=&#8221;.vc_custom_1613507143433{padding-top: 200px !important;padding-bottom: 100px !important;}&#8221; dt_color=&#8221;#000000&#8243; dt_color_opacity=&#8221;70&#8243;][vc_column][\/vc_column][\/vc_row][vc_row full_width=&#8221;stretch_row&#8221; disable_element=&#8221;yes&#8221; css=&#8221;.vc_custom_1613507309142{padding-top: 100px !important;padding-bottom: 100px... Continue Reading\" \/>\n<meta property=\"og:url\" content=\"https:\/\/reymondmeyer.ch\/en\/press-references\/\" \/>\n<meta property=\"og:site_name\" content=\"Reymond Meyer\" \/>\n<meta property=\"article:publisher\" content=\"https:\/\/www.facebook.com\/artistessuisses\" \/>\n<meta property=\"article:modified_time\" content=\"2021-04-20T13:03:55+00:00\" \/>\n<meta property=\"og:image\" content=\"https:\/\/reymondmeyer.ch\/wp-content\/uploads\/2020\/05\/officiel_ext_2.jpg\" \/>\n<meta name=\"twitter:label1\" content=\"Est. reading time\">\n\t<meta name=\"twitter:data1\" content=\"3 minutes\">\n<script type=\"application\/ld+json\" class=\"yoast-schema-graph\">{\"@context\":\"https:\/\/schema.org\",\"@graph\":[{\"@type\":\"Organization\",\"@id\":\"https:\/\/reymondmeyer.ch\/#organization\",\"name\":\"Reymond Meyer\",\"url\":\"https:\/\/reymondmeyer.ch\/\",\"sameAs\":[\"https:\/\/www.facebook.com\/artistessuisses\",\"https:\/\/www.instagram.com\/reymondmeyer\/\",\"https:\/\/www.linkedin.com\/company\/reymond-meyer\/?viewAsMember=true\"],\"logo\":{\"@type\":\"ImageObject\",\"@id\":\"https:\/\/reymondmeyer.ch\/#logo\",\"inLanguage\":\"en-US\",\"url\":\"https:\/\/reymondmeyer.ch\/wp-content\/uploads\/2021\/02\/rm_b_transp-3.png\",\"width\":200,\"height\":215,\"caption\":\"Reymond Meyer\"},\"image\":{\"@id\":\"https:\/\/reymondmeyer.ch\/#logo\"}},{\"@type\":\"WebSite\",\"@id\":\"https:\/\/reymondmeyer.ch\/#website\",\"url\":\"https:\/\/reymondmeyer.ch\/\",\"name\":\"Reymond Meyer\",\"description\":\"Un travail s\\u00e9rieux au service de la fantaisie.\",\"publisher\":{\"@id\":\"https:\/\/reymondmeyer.ch\/#organization\"},\"potentialAction\":[{\"@type\":\"SearchAction\",\"target\":\"https:\/\/reymondmeyer.ch\/?s={search_term_string}\",\"query-input\":\"required name=search_term_string\"}],\"inLanguage\":\"en-US\"},{\"@type\":\"ImageObject\",\"@id\":\"https:\/\/reymondmeyer.ch\/en\/press-references\/#primaryimage\",\"inLanguage\":\"en-US\",\"url\":\"https:\/\/reymondmeyer.ch\/wp-content\/uploads\/2020\/05\/officiel_ext_2.jpg\",\"width\":1000,\"height\":1498,\"caption\":\"vue sur oeuvre d'art, sph\\u00e9re en bois g\\u00e9ante cr\\u00e9\\u00e9e pour le jardin botanique de Meyrin\"},{\"@type\":\"WebPage\",\"@id\":\"https:\/\/reymondmeyer.ch\/en\/press-references\/#webpage\",\"url\":\"https:\/\/reymondmeyer.ch\/en\/press-references\/\",\"name\":\"Press & References - Reymond Meyer\",\"isPartOf\":{\"@id\":\"https:\/\/reymondmeyer.ch\/#website\"},\"primaryImageOfPage\":{\"@id\":\"https:\/\/reymondmeyer.ch\/en\/press-references\/#primaryimage\"},\"datePublished\":\"2021-02-16T20:24:07+00:00\",\"dateModified\":\"2021-04-20T13:03:55+00:00\",\"breadcrumb\":{\"@id\":\"https:\/\/reymondmeyer.ch\/en\/press-references\/#breadcrumb\"},\"inLanguage\":\"en-US\",\"potentialAction\":[{\"@type\":\"ReadAction\",\"target\":[\"https:\/\/reymondmeyer.ch\/en\/press-references\/\"]}]},{\"@type\":\"BreadcrumbList\",\"@id\":\"https:\/\/reymondmeyer.ch\/en\/press-references\/#breadcrumb\",\"itemListElement\":[{\"@type\":\"ListItem\",\"position\":1,\"item\":{\"@type\":\"WebPage\",\"@id\":\"https:\/\/reymondmeyer.ch\/en\/\",\"url\":\"https:\/\/reymondmeyer.ch\/en\/\",\"name\":\"Accueil\"}},{\"@type\":\"ListItem\",\"position\":2,\"item\":{\"@type\":\"WebPage\",\"@id\":\"https:\/\/reymondmeyer.ch\/en\/press-references\/\",\"url\":\"https:\/\/reymondmeyer.ch\/en\/press-references\/\",\"name\":\"Press &#038; References\"}}]}]}<\/script>\n<!-- \/ Yoast SEO plugin. -->","_links":{"self":[{"href":"https:\/\/reymondmeyer.ch\/en\/wp-json\/wp\/v2\/pages\/1129"}],"collection":[{"href":"https:\/\/reymondmeyer.ch\/en\/wp-json\/wp\/v2\/pages"}],"about":[{"href":"https:\/\/reymondmeyer.ch\/en\/wp-json\/wp\/v2\/types\/page"}],"author":[{"embeddable":true,"href":"https:\/\/reymondmeyer.ch\/en\/wp-json\/wp\/v2\/users\/1"}],"replies":[{"embeddable":true,"href":"https:\/\/reymondmeyer.ch\/en\/wp-json\/wp\/v2\/comments?post=1129"}],"version-history":[{"count":6,"href":"https:\/\/reymondmeyer.ch\/en\/wp-json\/wp\/v2\/pages\/1129\/revisions"}],"predecessor-version":[{"id":1496,"href":"https:\/\/reymondmeyer.ch\/en\/wp-json\/wp\/v2\/pages\/1129\/revisions\/1496"}],"wp:attachment":[{"href":"https:\/\/reymondmeyer.ch\/en\/wp-json\/wp\/v2\/media?parent=1129"}],"curies":[{"name":"wp","href":"https:\/\/api.w.org\/{rel}","templated":true}]}}